{"id":17868,"date":"2025-09-30T09:23:25","date_gmt":"2025-09-30T15:23:25","guid":{"rendered":"https:\/\/muebleslacandona.com\/producto\/mesa-para-restaurante-diseno-don-pablos\/"},"modified":"2026-04-23T16:33:46","modified_gmt":"2026-04-23T22:33:46","slug":"mesas-redondas-personalizadas-para-restaurante-mexicano","status":"publish","type":"product","link":"https:\/\/muebleslacandona.com\/en\/producto\/mesas-redondas-personalizadas-para-restaurante-mexicano\/","title":{"rendered":"Mesa Para Restaurante &#8211; Dise\u00f1o Don Pablos"},"content":{"rendered":"<h1><b>Mesas Redondas Personalizadas para Restaurante Mexicano<\/b><\/h1>\n<p><span style=\"font-weight: 400;\">Si buscas un <\/span><b>mobiliario<\/b><span style=\"font-weight: 400;\"> que combine <\/span><b>funcionalidad<\/b><span style=\"font-weight: 400;\"> y una fuerte <\/span><b>identidad para tu restaurante<\/b><span style=\"font-weight: 400;\">, nuestras <\/span><b>mesas<\/b><span style=\"font-weight: 400;\"> redondas <\/span><b>personalizadas<\/b><span style=\"font-weight: 400;\"> para <\/span><b>restaurante mexicano<\/b><span style=\"font-weight: 400;\"> son la opci\u00f3n ideal. Fabricadas con <\/span><b>materiales de alta calidad<\/b><span style=\"font-weight: 400;\"> y un <\/span><b>dise\u00f1o completamente personalizado<\/b><span style=\"font-weight: 400;\">, tu <\/span><b>mobiliario<\/b><span style=\"font-weight: 400;\"> ser\u00e1 no solo el centro de atenci\u00f3n de tus comensales, sino que adem\u00e1s reflejar\u00e1 la esencia \u00fanica de tu <\/span><b>restaurante<\/b><span style=\"font-weight: 400;\">.<\/span><\/p>\n<h2><b>Dise\u00f1o Personalizado para Restaurantes Mexicanos<\/b><\/h2>\n<p><span style=\"font-weight: 400;\">El dise\u00f1o de nuestras <\/span><b>mesas personalizadas<\/b><span style=\"font-weight: 400;\"> para <\/span><b>restaurante mexicano<\/b><span style=\"font-weight: 400;\"> se adapta completamente a las necesidades y <\/span><b>estilo de tu restaurante<\/b><span style=\"font-weight: 400;\">. La base de <\/span><b>madera de alta calidad<\/b><span style=\"font-weight: 400;\"> proporciona una estructura robusta y duradera, mientras que el acabado sirve de lienzo perfecto para la <\/span><b>identidad de tu restaurante<\/b><span style=\"font-weight: 400;\">. Este dise\u00f1o sencillo pero alegre resalta la est\u00e9tica mexicana, permitiendo que se integre f\u00e1cilmente en cualquier tipo de <\/span><b>decoraci\u00f3n<\/b><span style=\"font-weight: 400;\"> sin perder su esencia y haciendo memorable a tu <\/span><b>negocio<\/b><span style=\"font-weight: 400;\"> mientras los clientes disfrutan de una experiencia aut\u00e9ntica.<\/span><\/p>\n<h2><b>Solo Tienes que Imaginarlo &#8211; Mesas Redondas Personalizadas para Restaurante Mexicano<\/b><\/h2>\n<p><span style=\"font-weight: 400;\">Cada <\/span><b>mesa<\/b><span style=\"font-weight: 400;\"> que fabricamos es una obra de arte \u00fanica y exclusiva. Tenemos experiencia explorando colores, texturas y elementos, para as\u00ed adaptarnos a la tem\u00e1tica de tu<\/span><b> restaurante<\/b><span style=\"font-weight: 400;\">. Ya sea que prefieras un acabado m\u00e1s<\/span><b> r\u00fastico<\/b><span style=\"font-weight: 400;\"> que evoque las tradiciones mexicanas, o un dise\u00f1o <\/span><b>moderno<\/b><span style=\"font-weight: 400;\"> que combine lo <\/span><b>cl\u00e1sico<\/b><span style=\"font-weight: 400;\"> con lo <\/span><b>contempor\u00e1neo<\/b><span style=\"font-weight: 400;\">, nuestras <\/span><b>mesas<\/b><span style=\"font-weight: 400;\"> pueden <\/span><b>personalizarse<\/b><span style=\"font-weight: 400;\"> en una variedad de formas, tama\u00f1os y estilos para cumplir con las especificaciones exactas de tu espacio.<\/span><\/p>\n<h3><b>Personalizaci\u00f3n Total<\/b><\/h3>\n<p><span style=\"font-weight: 400;\">Elige <\/span><b>personalizar tus mesas<\/b><span style=\"font-weight: 400;\"> y obt\u00e9n piezas que no se puedan replicar f\u00e1cilmente, de est\u00e1 forma le dar\u00e1s a tu <\/span><b>restaurante<\/b><span style=\"font-weight: 400;\"> un <\/span><b>car\u00e1cter<\/b><span style=\"font-weight: 400;\"> distintivo y especial. Refuerza tu identidad de marca incluyendo el <\/span><b>logotipo de tu negocio<\/b><span style=\"font-weight: 400;\"> y crea una conexi\u00f3n m\u00e1s profunda con tus visitantes. Opta por la <\/span><b>calidad<\/b><span style=\"font-weight: 400;\"> y adquiere tus <\/span><b>mesas<\/b><span style=\"font-weight: 400;\">: fabricadas en materiales de primera calidad y una <\/span><b>atenci\u00f3n<\/b><span style=\"font-weight: 400;\"> al detalle excepcional. Nuestras mesas est\u00e1n dise\u00f1adas para soportar el uso intensivo del ambiente de un <\/span><b>restaurante<\/b><span style=\"font-weight: 400;\">, manteniendo su belleza y funcionalidad.<\/span><\/p>\n<p><span style=\"font-weight: 400;\">Vive una experiencia \u00fanica personalizando tu mobiliario con <\/span><b>Muebles Lacandona<\/b><span style=\"font-weight: 400;\">, te garantizamos un servicio de <\/span><b>excelencia<\/b><span style=\"font-weight: 400;\">, seguro y garantizado en cada paso de tu compra. <\/span><b>\u00a1Haz que tu espacio se destaque con nuestras mesas personalizadas y lleva la experiencia gastron\u00f3mica de tus clientes al siguiente nivel!<\/b><\/p>","protected":false},"excerpt":{"rendered":"<p style=\"text-align: center;\"><b>Mesa redonda<\/b><span style=\"font-weight: 400;\"> para <\/span><b>restaurante mexicano<\/b><span style=\"font-weight: 400;\">, hecha de<\/span><b> madera de alta resistencia<\/b><span style=\"font-weight: 400;\"> y pintada en fondo claro, con <\/span><b>arte en varios colores<\/b><span style=\"font-weight: 400;\">; dise\u00f1o sencillo, <\/span><b>completamente personalizable<\/b><span style=\"font-weight: 400;\"> con el logo de tu <\/span><b>restaurante<\/b><span style=\"font-weight: 400;\">. Disponible en diferentes tama\u00f1os, elige y dise\u00f1a el que mejor refleje tu concepto.<\/span><\/p>","protected":false},"featured_media":17816,"comment_status":"open","ping_status":"closed","template":"","meta":[],"product_brand":[381],"product_cat":[360,24],"product_tag":[],"class_list":{"0":"post-17868","1":"product","2":"type-product","3":"status-publish","4":"has-post-thumbnail","6":"product_brand-muebles-lacandona","7":"product_cat-cubierta","8":"product_cat-mesas-para-restaurante","10":"first","11":"instock","12":"shipping-taxable","13":"product-type-simple"},"yoast_head":"<!-- This site is optimized with the Yoast SEO plugin v27.5 - https:\/\/yoast.com\/product\/yoast-seo-wordpress\/ -->\n<title>Mesas Redondas Personalizadas para Restaurante Mexicano - Muebles Lacandona<\/title>\n<meta name=\"description\" content=\"Mesas redondas personalizadas para restaurante mexicano. Fabricamos mobiliario hecho a la medida de tu restaurante mexicano en EE.UU.\" \/>\n<meta name=\"robots\" content=\"index, follow, max-snippet:-1, max-image-preview:large, max-video-preview:-1\" \/>\n<link rel=\"canonical\" href=\"https:\/\/muebleslacandona.com\/en\/product\/mesas-redondas-personalizadas-para-restaurante-mexicano\/\" \/>\n<meta property=\"og:locale\" content=\"en_US\" \/>\n<meta property=\"og:type\" content=\"article\" \/>\n<meta property=\"og:title\" content=\"Mesas Redondas Personalizadas para Restaurante Mexicano - Muebles Lacandona\" \/>\n<meta property=\"og:description\" content=\"Mesas redondas personalizadas para restaurante mexicano. Fabricamos mobiliario hecho a la medida de tu restaurante mexicano en EE.UU.\" \/>\n<meta property=\"og:url\" content=\"https:\/\/muebleslacandona.com\/en\/product\/mesas-redondas-personalizadas-para-restaurante-mexicano\/\" \/>\n<meta property=\"og:site_name\" content=\"Muebles Lacandona\" \/>\n<meta property=\"article:modified_time\" content=\"2026-04-23T22:33:46+00:00\" \/>\n<meta property=\"og:image\" content=\"https:\/\/muebleslacandona.com\/wp-content\/uploads\/2025\/09\/DSC_9832-copia-scaled.webp\" \/>\n\t<meta property=\"og:image:width\" content=\"2560\" \/>\n\t<meta property=\"og:image:height\" content=\"1707\" \/>\n\t<meta property=\"og:image:type\" content=\"image\/webp\" \/>\n<meta name=\"twitter:card\" content=\"summary_large_image\" \/>\n<meta name=\"twitter:label1\" content=\"Est. reading time\" \/>\n\t<meta name=\"twitter:data1\" content=\"2 minutes\" \/>\n<script type=\"application\/ld+json\" class=\"yoast-schema-graph\">{\"@context\":\"https:\\\/\\\/schema.org\",\"@graph\":[{\"@type\":\"WebPage\",\"@id\":\"https:\\\/\\\/muebleslacandona.com\\\/producto\\\/mesas-redondas-personalizadas-para-restaurante-mexicano\\\/\",\"url\":\"https:\\\/\\\/muebleslacandona.com\\\/producto\\\/mesas-redondas-personalizadas-para-restaurante-mexicano\\\/\",\"name\":\"Mesas Redondas Personalizadas para Restaurante Mexicano - Muebles Lacandona\",\"isPartOf\":{\"@id\":\"https:\\\/\\\/muebleslacandona.com\\\/#website\"},\"primaryImageOfPage\":{\"@id\":\"https:\\\/\\\/muebleslacandona.com\\\/producto\\\/mesas-redondas-personalizadas-para-restaurante-mexicano\\\/#primaryimage\"},\"image\":{\"@id\":\"https:\\\/\\\/muebleslacandona.com\\\/producto\\\/mesas-redondas-personalizadas-para-restaurante-mexicano\\\/#primaryimage\"},\"thumbnailUrl\":\"https:\\\/\\\/muebleslacandona.com\\\/wp-content\\\/uploads\\\/2025\\\/09\\\/DSC_9832-copia-scaled.webp\",\"datePublished\":\"2025-09-30T15:23:25+00:00\",\"dateModified\":\"2026-04-23T22:33:46+00:00\",\"description\":\"Mesas redondas personalizadas para restaurante mexicano. Fabricamos mobiliario hecho a la medida de tu restaurante mexicano en EE.UU.\",\"breadcrumb\":{\"@id\":\"https:\\\/\\\/muebleslacandona.com\\\/producto\\\/mesas-redondas-personalizadas-para-restaurante-mexicano\\\/#breadcrumb\"},\"inLanguage\":\"en-US\",\"potentialAction\":[{\"@type\":\"ReadAction\",\"target\":[\"https:\\\/\\\/muebleslacandona.com\\\/producto\\\/mesas-redondas-personalizadas-para-restaurante-mexicano\\\/\"]}]},{\"@type\":\"ImageObject\",\"inLanguage\":\"en-US\",\"@id\":\"https:\\\/\\\/muebleslacandona.com\\\/producto\\\/mesas-redondas-personalizadas-para-restaurante-mexicano\\\/#primaryimage\",\"url\":\"https:\\\/\\\/muebleslacandona.com\\\/wp-content\\\/uploads\\\/2025\\\/09\\\/DSC_9832-copia-scaled.webp\",\"contentUrl\":\"https:\\\/\\\/muebleslacandona.com\\\/wp-content\\\/uploads\\\/2025\\\/09\\\/DSC_9832-copia-scaled.webp\",\"width\":2560,\"height\":1707,\"caption\":\"Mesa Redonda Para Restaurante Mexicano\"},{\"@type\":\"BreadcrumbList\",\"@id\":\"https:\\\/\\\/muebleslacandona.com\\\/producto\\\/mesas-redondas-personalizadas-para-restaurante-mexicano\\\/#breadcrumb\",\"itemListElement\":[{\"@type\":\"ListItem\",\"position\":1,\"name\":\"Portada\",\"item\":\"https:\\\/\\\/muebleslacandona.com\\\/\"},{\"@type\":\"ListItem\",\"position\":2,\"name\":\"Cat\u00e1logo General\",\"item\":\"https:\\\/\\\/muebleslacandona.com\\\/tienda\\\/\"},{\"@type\":\"ListItem\",\"position\":3,\"name\":\"Mesa Para Restaurante &#8211; Dise\u00f1o Don Pablos\"}]},{\"@type\":\"WebSite\",\"@id\":\"https:\\\/\\\/muebleslacandona.com\\\/#website\",\"url\":\"https:\\\/\\\/muebleslacandona.com\\\/\",\"name\":\"Muebles Lacandona\",\"description\":\"Fabricamos muebles para restaurantes mexicanos en Estados Unidos, dise\u00f1ados para atraer clientes y elevar la experiencia de tu negocio. En Muebles Lacandona combinamos artesan\u00eda mexicana, personalizaci\u00f3n y m\u00e1s de 25 a\u00f1os de experiencia para crear espacios \u00fanicos que conectan con la cultura latina y aumentan el valor de tu restaurante.\",\"potentialAction\":[{\"@type\":\"SearchAction\",\"target\":{\"@type\":\"EntryPoint\",\"urlTemplate\":\"https:\\\/\\\/muebleslacandona.com\\\/?s={search_term_string}\"},\"query-input\":{\"@type\":\"PropertyValueSpecification\",\"valueRequired\":true,\"valueName\":\"search_term_string\"}}],\"inLanguage\":\"en-US\"}]}<\/script>\n<!-- \/ Yoast SEO plugin. -->","yoast_head_json":{"title":"Mesas Redondas Personalizadas para Restaurante Mexicano - Muebles Lacandona","description":"Mesas redondas personalizadas para restaurante mexicano. Fabricamos mobiliario hecho a la medida de tu restaurante mexicano en EE.UU.","robots":{"index":"index","follow":"follow","max-snippet":"max-snippet:-1","max-image-preview":"max-image-preview:large","max-video-preview":"max-video-preview:-1"},"canonical":"https:\/\/muebleslacandona.com\/en\/product\/mesas-redondas-personalizadas-para-restaurante-mexicano\/","og_locale":"en_US","og_type":"article","og_title":"Mesas Redondas Personalizadas para Restaurante Mexicano - Muebles Lacandona","og_description":"Mesas redondas personalizadas para restaurante mexicano. Fabricamos mobiliario hecho a la medida de tu restaurante mexicano en EE.UU.","og_url":"https:\/\/muebleslacandona.com\/en\/product\/mesas-redondas-personalizadas-para-restaurante-mexicano\/","og_site_name":"Muebles Lacandona","article_modified_time":"2026-04-23T22:33:46+00:00","og_image":[{"width":2560,"height":1707,"url":"https:\/\/muebleslacandona.com\/wp-content\/uploads\/2025\/09\/DSC_9832-copia-scaled.webp","type":"image\/webp"}],"twitter_card":"summary_large_image","twitter_misc":{"Est. reading time":"2 minutes"},"schema":{"@context":"https:\/\/schema.org","@graph":[{"@type":"WebPage","@id":"https:\/\/muebleslacandona.com\/producto\/mesas-redondas-personalizadas-para-restaurante-mexicano\/","url":"https:\/\/muebleslacandona.com\/producto\/mesas-redondas-personalizadas-para-restaurante-mexicano\/","name":"Mesas Redondas Personalizadas para Restaurante Mexicano - Muebles Lacandona","isPartOf":{"@id":"https:\/\/muebleslacandona.com\/#website"},"primaryImageOfPage":{"@id":"https:\/\/muebleslacandona.com\/producto\/mesas-redondas-personalizadas-para-restaurante-mexicano\/#primaryimage"},"image":{"@id":"https:\/\/muebleslacandona.com\/producto\/mesas-redondas-personalizadas-para-restaurante-mexicano\/#primaryimage"},"thumbnailUrl":"https:\/\/muebleslacandona.com\/wp-content\/uploads\/2025\/09\/DSC_9832-copia-scaled.webp","datePublished":"2025-09-30T15:23:25+00:00","dateModified":"2026-04-23T22:33:46+00:00","description":"Mesas redondas personalizadas para restaurante mexicano. Fabricamos mobiliario hecho a la medida de tu restaurante mexicano en EE.UU.","breadcrumb":{"@id":"https:\/\/muebleslacandona.com\/producto\/mesas-redondas-personalizadas-para-restaurante-mexicano\/#breadcrumb"},"inLanguage":"en-US","potentialAction":[{"@type":"ReadAction","target":["https:\/\/muebleslacandona.com\/producto\/mesas-redondas-personalizadas-para-restaurante-mexicano\/"]}]},{"@type":"ImageObject","inLanguage":"en-US","@id":"https:\/\/muebleslacandona.com\/producto\/mesas-redondas-personalizadas-para-restaurante-mexicano\/#primaryimage","url":"https:\/\/muebleslacandona.com\/wp-content\/uploads\/2025\/09\/DSC_9832-copia-scaled.webp","contentUrl":"https:\/\/muebleslacandona.com\/wp-content\/uploads\/2025\/09\/DSC_9832-copia-scaled.webp","width":2560,"height":1707,"caption":"Mesa Redonda Para Restaurante Mexicano"},{"@type":"BreadcrumbList","@id":"https:\/\/muebleslacandona.com\/producto\/mesas-redondas-personalizadas-para-restaurante-mexicano\/#breadcrumb","itemListElement":[{"@type":"ListItem","position":1,"name":"Portada","item":"https:\/\/muebleslacandona.com\/"},{"@type":"ListItem","position":2,"name":"Cat\u00e1logo General","item":"https:\/\/muebleslacandona.com\/tienda\/"},{"@type":"ListItem","position":3,"name":"Mesa Para Restaurante &#8211; Dise\u00f1o Don Pablos"}]},{"@type":"WebSite","@id":"https:\/\/muebleslacandona.com\/#website","url":"https:\/\/muebleslacandona.com\/","name":"Muebles Lacandona","description":"Fabricamos muebles para restaurantes mexicanos en Estados Unidos, dise\u00f1ados para atraer clientes y elevar la experiencia de tu negocio. En Muebles Lacandona combinamos artesan\u00eda mexicana, personalizaci\u00f3n y m\u00e1s de 25 a\u00f1os de experiencia para crear espacios \u00fanicos que conectan con la cultura latina y aumentan el valor de tu restaurante.","potentialAction":[{"@type":"SearchAction","target":{"@type":"EntryPoint","urlTemplate":"https:\/\/muebleslacandona.com\/?s={search_term_string}"},"query-input":{"@type":"PropertyValueSpecification","valueRequired":true,"valueName":"search_term_string"}}],"inLanguage":"en-US"}]}},"_links":{"self":[{"href":"https:\/\/muebleslacandona.com\/en\/wp-json\/wp\/v2\/product\/17868","targetHints":{"allow":["GET"]}}],"collection":[{"href":"https:\/\/muebleslacandona.com\/en\/wp-json\/wp\/v2\/product"}],"about":[{"href":"https:\/\/muebleslacandona.com\/en\/wp-json\/wp\/v2\/types\/product"}],"replies":[{"embeddable":true,"href":"https:\/\/muebleslacandona.com\/en\/wp-json\/wp\/v2\/comments?post=17868"}],"wp:featuredmedia":[{"embeddable":true,"href":"https:\/\/muebleslacandona.com\/en\/wp-json\/wp\/v2\/media\/17816"}],"wp:attachment":[{"href":"https:\/\/muebleslacandona.com\/en\/wp-json\/wp\/v2\/media?parent=17868"}],"wp:term":[{"taxonomy":"product_brand","embeddable":true,"href":"https:\/\/muebleslacandona.com\/en\/wp-json\/wp\/v2\/product_brand?post=17868"},{"taxonomy":"product_cat","embeddable":true,"href":"https:\/\/muebleslacandona.com\/en\/wp-json\/wp\/v2\/product_cat?post=17868"},{"taxonomy":"product_tag","embeddable":true,"href":"https:\/\/muebleslacandona.com\/en\/wp-json\/wp\/v2\/product_tag?post=17868"}],"curies":[{"name":"wp","href":"https:\/\/api.w.org\/{rel}","templated":true}]}}