{"id":19595,"date":"2026-04-22T12:02:53","date_gmt":"2026-04-22T18:02:53","guid":{"rendered":"https:\/\/muebleslacandona.com\/?page_id=19595"},"modified":"2026-04-22T17:21:21","modified_gmt":"2026-04-22T23:21:21","slug":"mexico-moderno","status":"publish","type":"page","link":"https:\/\/muebleslacandona.com\/en\/mexico-moderno\/","title":{"rendered":"M\u00e9xico Moderno"},"content":{"rendered":"<div data-elementor-type=\"wp-page\" data-elementor-id=\"19595\" class=\"elementor elementor-19595\" data-elementor-post-type=\"page\">\n\t\t\t\t<div class=\"wd-negative-gap elementor-element elementor-element-321a663 e-grid e-con-boxed e-con e-parent\" data-id=\"321a663\" data-element_type=\"container\">\n\t\t\t\t\t<div class=\"e-con-inner\">\n\t\t\t\t<div class=\"elementor-element elementor-element-1fdafe0 elementor-invisible elementor-widget elementor-widget-wd_banner\" data-id=\"1fdafe0\" data-element_type=\"widget\" data-settings=\"{&quot;_animation&quot;:&quot;fadeIn&quot;}\" data-widget_type=\"wd_banner.default\">\n\t\t\t\t<div class=\"elementor-widget-container\">\n\t\t\t\t\t\t\t<div class=\"promo-banner-wrapper\">\n\t\t\t<div class=\"promo-banner banner-default banner-hover-zoom-reverse color-scheme- banner-btn-size-default banner-btn-style-link with-btn banner-btn-position-hover wd-with-link\">\n\t\t\t\t<div class=\"main-wrapp-img\">\n\t\t\t\t\t<div class=\"banner-image wd-without-height\">\n\t\t\t\t\t\t\t\t\t\t\t\t\t\t\t\t\t\t\t\t\t<img loading=\"lazy\" decoding=\"async\" width=\"768\" height=\"1024\" src=\"https:\/\/muebleslacandona.com\/wp-content\/uploads\/2026\/04\/Moderno-Coleccion-Marino-768x1024.webp\" class=\"attachment-large size-large\" alt=\"\" srcset=\"https:\/\/muebleslacandona.com\/wp-content\/uploads\/2026\/04\/Moderno-Coleccion-Marino-768x1024.webp 768w, https:\/\/muebleslacandona.com\/wp-content\/uploads\/2026\/04\/Moderno-Coleccion-Marino-225x300.webp 225w, https:\/\/muebleslacandona.com\/wp-content\/uploads\/2026\/04\/Moderno-Coleccion-Marino-1152x1536.webp 1152w, https:\/\/muebleslacandona.com\/wp-content\/uploads\/2026\/04\/Moderno-Coleccion-Marino-9x12.webp 9w, https:\/\/muebleslacandona.com\/wp-content\/uploads\/2026\/04\/Moderno-Coleccion-Marino-600x800.webp 600w, https:\/\/muebleslacandona.com\/wp-content\/uploads\/2026\/04\/Moderno-Coleccion-Marino-150x200.webp 150w, https:\/\/muebleslacandona.com\/wp-content\/uploads\/2026\/04\/Moderno-Coleccion-Marino.webp 1200w\" sizes=\"auto, (max-width: 768px) 100vw, 768px\" \/>\t\t\t\t\t\t\t\t\t\t\t\t\t\t\t\t\t\t<\/div>\n\t\t\t\t<\/div>\n\n\t\t\t\t<div class=\"wrapper-content-banner wd-fill wd-items-bottom wd-justify-left\">\n\t\t\t\t\t<div class=\"content-banner  text-left\">\n\t\t\t\t\t\t\t\t\t\t\t\t\t\n\t\t\t\t\t\t\t<div class=\"banner-subtitle subtitle-style-default wd-fontsize-xs\" data-elementor-setting-key=\"subtitle\">\n\t\t\t\t\t\t\t\tColecci\u00f3n\t\t\t\t\t\t\t<\/div>\n\t\t\t\t\t\t\n\t\t\t\t\t\t\t\t\t\t\t\t\t<h4 class=\"banner-title wd-fontsize-l\" data-elementor-setting-key=\"title\">\n\t\t\t\t\t\t\t\tMarino\t\t\t\t\t\t\t<\/h4>\n\t\t\t\t\t\t\n\t\t\t\t\t\t\n\t\t\t\t\t\t\n\t\t\t\t\t\t\t\t\t\t\t\t\t<div class=\"banner-btn-wrapper wd-hide-md-sm wd-hide-sm\">\n\t\t\t\t\t\t\t\t\t\t<div class=\"wd-button-wrapper text-left\" >\n\t\t\t<a class=\"btn btn-style-link btn-shape- btn-size-default btn-icon-pos-right\"  href=\"#\">\n\t\t\t\t<span class=\"wd-btn-text\" data-elementor-setting-key=\"text\">\n\t\t\t\t\tCon\u00f3cela\t\t\t\t<\/span>\n\n\t\t\t\t\t\t\t<\/a>\n\t\t<\/div>\n\t\t\t\t\t\t\t\t\t<\/div>\n\t\t\t\t\t\t\t\t\t\t\t<\/div>\n\t\t\t\t<\/div>\n\n\t\t\t\t\t\t\t\t\t<a href=\"#\" class=\"wd-promo-banner-link wd-fill\" aria-label=\"Banner link\"><\/a>\n\t\t\t\t\t\t\t<\/div>\n\t\t<\/div>\n\t\t\t\t\t\t<\/div>\n\t\t\t\t<\/div>\n\t\t\t\t<div class=\"elementor-element elementor-element-bbc99bf elementor-invisible elementor-widget elementor-widget-wd_banner\" data-id=\"bbc99bf\" data-element_type=\"widget\" data-settings=\"{&quot;_animation&quot;:&quot;fadeIn&quot;}\" data-widget_type=\"wd_banner.default\">\n\t\t\t\t<div class=\"elementor-widget-container\">\n\t\t\t\t\t\t\t<div class=\"promo-banner-wrapper\">\n\t\t\t<div class=\"promo-banner banner-default banner-hover-zoom-reverse color-scheme- banner-btn-size-default banner-btn-style-link with-btn banner-btn-position-hover wd-with-link\">\n\t\t\t\t<div class=\"main-wrapp-img\">\n\t\t\t\t\t<div class=\"banner-image wd-without-height\">\n\t\t\t\t\t\t\t\t\t\t\t\t\t\t\t\t\t\t\t\t\t<img loading=\"lazy\" decoding=\"async\" width=\"768\" height=\"1024\" src=\"https:\/\/muebleslacandona.com\/wp-content\/uploads\/2026\/04\/Moderno-Coleccion-Tejidos-768x1024.webp\" class=\"attachment-large size-large\" alt=\"\" srcset=\"https:\/\/muebleslacandona.com\/wp-content\/uploads\/2026\/04\/Moderno-Coleccion-Tejidos-768x1024.webp 768w, https:\/\/muebleslacandona.com\/wp-content\/uploads\/2026\/04\/Moderno-Coleccion-Tejidos-225x300.webp 225w, https:\/\/muebleslacandona.com\/wp-content\/uploads\/2026\/04\/Moderno-Coleccion-Tejidos-1152x1536.webp 1152w, https:\/\/muebleslacandona.com\/wp-content\/uploads\/2026\/04\/Moderno-Coleccion-Tejidos-9x12.webp 9w, https:\/\/muebleslacandona.com\/wp-content\/uploads\/2026\/04\/Moderno-Coleccion-Tejidos-600x800.webp 600w, https:\/\/muebleslacandona.com\/wp-content\/uploads\/2026\/04\/Moderno-Coleccion-Tejidos-150x200.webp 150w, https:\/\/muebleslacandona.com\/wp-content\/uploads\/2026\/04\/Moderno-Coleccion-Tejidos.webp 1200w\" sizes=\"auto, (max-width: 768px) 100vw, 768px\" \/>\t\t\t\t\t\t\t\t\t\t\t\t\t\t\t\t\t\t<\/div>\n\t\t\t\t<\/div>\n\n\t\t\t\t<div class=\"wrapper-content-banner wd-fill wd-items-bottom wd-justify-left\">\n\t\t\t\t\t<div class=\"content-banner  text-left\">\n\t\t\t\t\t\t\t\t\t\t\t\t\t\n\t\t\t\t\t\t\t<div class=\"banner-subtitle subtitle-style-default wd-fontsize-xs\" data-elementor-setting-key=\"subtitle\">\n\t\t\t\t\t\t\t\tColecci\u00f3n\t\t\t\t\t\t\t<\/div>\n\t\t\t\t\t\t\n\t\t\t\t\t\t\t\t\t\t\t\t\t<h4 class=\"banner-title wd-fontsize-l\" data-elementor-setting-key=\"title\">\n\t\t\t\t\t\t\t\tTejidos\t\t\t\t\t\t\t<\/h4>\n\t\t\t\t\t\t\n\t\t\t\t\t\t\n\t\t\t\t\t\t\n\t\t\t\t\t\t\t\t\t\t\t\t\t<div class=\"banner-btn-wrapper wd-hide-md-sm wd-hide-sm\">\n\t\t\t\t\t\t\t\t\t\t<div class=\"wd-button-wrapper text-left\" >\n\t\t\t<a class=\"btn btn-style-link btn-shape- btn-size-default btn-icon-pos-right\"  href=\"#\">\n\t\t\t\t<span class=\"wd-btn-text\" data-elementor-setting-key=\"text\">\n\t\t\t\t\tCon\u00f3cela\t\t\t\t<\/span>\n\n\t\t\t\t\t\t\t<\/a>\n\t\t<\/div>\n\t\t\t\t\t\t\t\t\t<\/div>\n\t\t\t\t\t\t\t\t\t\t\t<\/div>\n\t\t\t\t<\/div>\n\n\t\t\t\t\t\t\t\t\t<a href=\"#\" class=\"wd-promo-banner-link wd-fill\" aria-label=\"Banner link\"><\/a>\n\t\t\t\t\t\t\t<\/div>\n\t\t<\/div>\n\t\t\t\t\t\t<\/div>\n\t\t\t\t<\/div>\n\t\t\t\t<div class=\"elementor-element elementor-element-b5bca7a elementor-invisible elementor-widget elementor-widget-wd_banner\" data-id=\"b5bca7a\" data-element_type=\"widget\" data-settings=\"{&quot;_animation&quot;:&quot;fadeIn&quot;}\" data-widget_type=\"wd_banner.default\">\n\t\t\t\t<div class=\"elementor-widget-container\">\n\t\t\t\t\t\t\t<div class=\"promo-banner-wrapper\">\n\t\t\t<div class=\"promo-banner banner-default banner-hover-zoom-reverse color-scheme- banner-btn-size-default banner-btn-style-link with-btn banner-btn-position-hover wd-with-link\">\n\t\t\t\t<div class=\"main-wrapp-img\">\n\t\t\t\t\t<div class=\"banner-image wd-without-height\">\n\t\t\t\t\t\t\t\t\t\t\t\t\t\t\t\t\t\t\t\t\t<img loading=\"lazy\" decoding=\"async\" width=\"768\" height=\"1024\" src=\"https:\/\/muebleslacandona.com\/wp-content\/uploads\/2026\/04\/Moderno-Coleccion-Coral-768x1024.webp\" class=\"attachment-large size-large\" alt=\"\" srcset=\"https:\/\/muebleslacandona.com\/wp-content\/uploads\/2026\/04\/Moderno-Coleccion-Coral-768x1024.webp 768w, https:\/\/muebleslacandona.com\/wp-content\/uploads\/2026\/04\/Moderno-Coleccion-Coral-225x300.webp 225w, https:\/\/muebleslacandona.com\/wp-content\/uploads\/2026\/04\/Moderno-Coleccion-Coral-1152x1536.webp 1152w, https:\/\/muebleslacandona.com\/wp-content\/uploads\/2026\/04\/Moderno-Coleccion-Coral-9x12.webp 9w, https:\/\/muebleslacandona.com\/wp-content\/uploads\/2026\/04\/Moderno-Coleccion-Coral-600x800.webp 600w, https:\/\/muebleslacandona.com\/wp-content\/uploads\/2026\/04\/Moderno-Coleccion-Coral-150x200.webp 150w, https:\/\/muebleslacandona.com\/wp-content\/uploads\/2026\/04\/Moderno-Coleccion-Coral.webp 1200w\" sizes=\"auto, (max-width: 768px) 100vw, 768px\" \/>\t\t\t\t\t\t\t\t\t\t\t\t\t\t\t\t\t\t<\/div>\n\t\t\t\t<\/div>\n\n\t\t\t\t<div class=\"wrapper-content-banner wd-fill wd-items-bottom wd-justify-left\">\n\t\t\t\t\t<div class=\"content-banner  text-left\">\n\t\t\t\t\t\t\t\t\t\t\t\t\t\n\t\t\t\t\t\t\t<div class=\"banner-subtitle subtitle-style-default wd-fontsize-xs\" data-elementor-setting-key=\"subtitle\">\n\t\t\t\t\t\t\t\tColecci\u00f3n\t\t\t\t\t\t\t<\/div>\n\t\t\t\t\t\t\n\t\t\t\t\t\t\t\t\t\t\t\t\t<h4 class=\"banner-title wd-fontsize-l\" data-elementor-setting-key=\"title\">\n\t\t\t\t\t\t\t\tCoral\t\t\t\t\t\t\t<\/h4>\n\t\t\t\t\t\t\n\t\t\t\t\t\t\n\t\t\t\t\t\t\n\t\t\t\t\t\t\t\t\t\t\t\t\t<div class=\"banner-btn-wrapper wd-hide-md-sm wd-hide-sm\">\n\t\t\t\t\t\t\t\t\t\t<div class=\"wd-button-wrapper text-left\" >\n\t\t\t<a class=\"btn btn-style-link btn-shape- btn-size-default btn-icon-pos-right\"  href=\"#\">\n\t\t\t\t<span class=\"wd-btn-text\" data-elementor-setting-key=\"text\">\n\t\t\t\t\tCon\u00f3cela\t\t\t\t<\/span>\n\n\t\t\t\t\t\t\t<\/a>\n\t\t<\/div>\n\t\t\t\t\t\t\t\t\t<\/div>\n\t\t\t\t\t\t\t\t\t\t\t<\/div>\n\t\t\t\t<\/div>\n\n\t\t\t\t\t\t\t\t\t<a href=\"#\" class=\"wd-promo-banner-link wd-fill\" aria-label=\"Banner link\"><\/a>\n\t\t\t\t\t\t\t<\/div>\n\t\t<\/div>\n\t\t\t\t\t\t<\/div>\n\t\t\t\t<\/div>\n\t\t\t\t<div class=\"elementor-element elementor-element-8558e8f elementor-invisible elementor-widget elementor-widget-wd_banner\" data-id=\"8558e8f\" data-element_type=\"widget\" data-settings=\"{&quot;_animation&quot;:&quot;fadeIn&quot;}\" data-widget_type=\"wd_banner.default\">\n\t\t\t\t<div class=\"elementor-widget-container\">\n\t\t\t\t\t\t\t<div class=\"promo-banner-wrapper\">\n\t\t\t<div class=\"promo-banner banner-default banner-hover-zoom-reverse color-scheme- banner-btn-size-default banner-btn-style-link with-btn banner-btn-position-hover wd-with-link\">\n\t\t\t\t<div class=\"main-wrapp-img\">\n\t\t\t\t\t<div class=\"banner-image wd-without-height\">\n\t\t\t\t\t\t\t\t\t\t\t\t\t\t\t\t\t\t\t\t\t<img loading=\"lazy\" decoding=\"async\" width=\"768\" height=\"1024\" src=\"https:\/\/muebleslacandona.com\/wp-content\/uploads\/2026\/04\/Moderno-Coleccion-Komali-768x1024.webp\" class=\"attachment-large size-large\" alt=\"\" srcset=\"https:\/\/muebleslacandona.com\/wp-content\/uploads\/2026\/04\/Moderno-Coleccion-Komali-768x1024.webp 768w, https:\/\/muebleslacandona.com\/wp-content\/uploads\/2026\/04\/Moderno-Coleccion-Komali-225x300.webp 225w, https:\/\/muebleslacandona.com\/wp-content\/uploads\/2026\/04\/Moderno-Coleccion-Komali-1152x1536.webp 1152w, https:\/\/muebleslacandona.com\/wp-content\/uploads\/2026\/04\/Moderno-Coleccion-Komali-9x12.webp 9w, https:\/\/muebleslacandona.com\/wp-content\/uploads\/2026\/04\/Moderno-Coleccion-Komali-600x800.webp 600w, https:\/\/muebleslacandona.com\/wp-content\/uploads\/2026\/04\/Moderno-Coleccion-Komali-150x200.webp 150w, https:\/\/muebleslacandona.com\/wp-content\/uploads\/2026\/04\/Moderno-Coleccion-Komali.webp 1200w\" sizes=\"auto, (max-width: 768px) 100vw, 768px\" \/>\t\t\t\t\t\t\t\t\t\t\t\t\t\t\t\t\t\t<\/div>\n\t\t\t\t<\/div>\n\n\t\t\t\t<div class=\"wrapper-content-banner wd-fill wd-items-bottom wd-justify-left\">\n\t\t\t\t\t<div class=\"content-banner  text-left\">\n\t\t\t\t\t\t\t\t\t\t\t\t\t\n\t\t\t\t\t\t\t<div class=\"banner-subtitle subtitle-style-default wd-fontsize-xs\" data-elementor-setting-key=\"subtitle\">\n\t\t\t\t\t\t\t\tColecci\u00f3n\t\t\t\t\t\t\t<\/div>\n\t\t\t\t\t\t\n\t\t\t\t\t\t\t\t\t\t\t\t\t<h4 class=\"banner-title wd-fontsize-l\" data-elementor-setting-key=\"title\">\n\t\t\t\t\t\t\t\tKomali\t\t\t\t\t\t\t<\/h4>\n\t\t\t\t\t\t\n\t\t\t\t\t\t\n\t\t\t\t\t\t\n\t\t\t\t\t\t\t\t\t\t\t\t\t<div class=\"banner-btn-wrapper wd-hide-md-sm wd-hide-sm\">\n\t\t\t\t\t\t\t\t\t\t<div class=\"wd-button-wrapper text-left\" >\n\t\t\t<a class=\"btn btn-style-link btn-shape- btn-size-default btn-icon-pos-right\"  href=\"#\">\n\t\t\t\t<span class=\"wd-btn-text\" data-elementor-setting-key=\"text\">\n\t\t\t\t\tCon\u00f3cela\t\t\t\t<\/span>\n\n\t\t\t\t\t\t\t<\/a>\n\t\t<\/div>\n\t\t\t\t\t\t\t\t\t<\/div>\n\t\t\t\t\t\t\t\t\t\t\t<\/div>\n\t\t\t\t<\/div>\n\n\t\t\t\t\t\t\t\t\t<a href=\"#\" class=\"wd-promo-banner-link wd-fill\" aria-label=\"Banner link\"><\/a>\n\t\t\t\t\t\t\t<\/div>\n\t\t<\/div>\n\t\t\t\t\t\t<\/div>\n\t\t\t\t<\/div>\n\t\t\t\t<div class=\"elementor-element elementor-element-674509d elementor-invisible elementor-widget elementor-widget-wd_banner\" data-id=\"674509d\" data-element_type=\"widget\" data-settings=\"{&quot;_animation&quot;:&quot;fadeIn&quot;}\" data-widget_type=\"wd_banner.default\">\n\t\t\t\t<div class=\"elementor-widget-container\">\n\t\t\t\t\t\t\t<div class=\"promo-banner-wrapper\">\n\t\t\t<div class=\"promo-banner banner-default banner-hover-zoom-reverse color-scheme- banner-btn-size-default banner-btn-style-link with-btn banner-btn-position-hover wd-with-link\">\n\t\t\t\t<div class=\"main-wrapp-img\">\n\t\t\t\t\t<div class=\"banner-image wd-without-height\">\n\t\t\t\t\t\t\t\t\t\t\t\t\t\t\t\t\t\t\t\t\t<img loading=\"lazy\" decoding=\"async\" width=\"768\" height=\"1024\" src=\"https:\/\/muebleslacandona.com\/wp-content\/uploads\/2026\/04\/Moderno-Coleccion-Jade-768x1024.webp\" class=\"attachment-large size-large\" alt=\"\" srcset=\"https:\/\/muebleslacandona.com\/wp-content\/uploads\/2026\/04\/Moderno-Coleccion-Jade-768x1024.webp 768w, https:\/\/muebleslacandona.com\/wp-content\/uploads\/2026\/04\/Moderno-Coleccion-Jade-225x300.webp 225w, https:\/\/muebleslacandona.com\/wp-content\/uploads\/2026\/04\/Moderno-Coleccion-Jade-1152x1536.webp 1152w, https:\/\/muebleslacandona.com\/wp-content\/uploads\/2026\/04\/Moderno-Coleccion-Jade-9x12.webp 9w, https:\/\/muebleslacandona.com\/wp-content\/uploads\/2026\/04\/Moderno-Coleccion-Jade-600x800.webp 600w, https:\/\/muebleslacandona.com\/wp-content\/uploads\/2026\/04\/Moderno-Coleccion-Jade-150x200.webp 150w, https:\/\/muebleslacandona.com\/wp-content\/uploads\/2026\/04\/Moderno-Coleccion-Jade.webp 1200w\" sizes=\"auto, (max-width: 768px) 100vw, 768px\" \/>\t\t\t\t\t\t\t\t\t\t\t\t\t\t\t\t\t\t<\/div>\n\t\t\t\t<\/div>\n\n\t\t\t\t<div class=\"wrapper-content-banner wd-fill wd-items-bottom wd-justify-left\">\n\t\t\t\t\t<div class=\"content-banner  text-left\">\n\t\t\t\t\t\t\t\t\t\t\t\t\t\n\t\t\t\t\t\t\t<div class=\"banner-subtitle subtitle-style-default wd-fontsize-xs\" data-elementor-setting-key=\"subtitle\">\n\t\t\t\t\t\t\t\tColecci\u00f3n\t\t\t\t\t\t\t<\/div>\n\t\t\t\t\t\t\n\t\t\t\t\t\t\t\t\t\t\t\t\t<h4 class=\"banner-title wd-fontsize-l\" data-elementor-setting-key=\"title\">\n\t\t\t\t\t\t\t\tJade\t\t\t\t\t\t\t<\/h4>\n\t\t\t\t\t\t\n\t\t\t\t\t\t\n\t\t\t\t\t\t\n\t\t\t\t\t\t\t\t\t\t\t\t\t<div class=\"banner-btn-wrapper wd-hide-md-sm wd-hide-sm\">\n\t\t\t\t\t\t\t\t\t\t<div class=\"wd-button-wrapper text-left\" >\n\t\t\t<a class=\"btn btn-style-link btn-shape- btn-size-default btn-icon-pos-right\"  href=\"#\">\n\t\t\t\t<span class=\"wd-btn-text\" data-elementor-setting-key=\"text\">\n\t\t\t\t\tCon\u00f3cela\t\t\t\t<\/span>\n\n\t\t\t\t\t\t\t<\/a>\n\t\t<\/div>\n\t\t\t\t\t\t\t\t\t<\/div>\n\t\t\t\t\t\t\t\t\t\t\t<\/div>\n\t\t\t\t<\/div>\n\n\t\t\t\t\t\t\t\t\t<a href=\"#\" class=\"wd-promo-banner-link wd-fill\" aria-label=\"Banner link\"><\/a>\n\t\t\t\t\t\t\t<\/div>\n\t\t<\/div>\n\t\t\t\t\t\t<\/div>\n\t\t\t\t<\/div>\n\t\t\t\t<div class=\"elementor-element elementor-element-595be58 elementor-invisible elementor-widget elementor-widget-wd_banner\" data-id=\"595be58\" data-element_type=\"widget\" data-settings=\"{&quot;_animation&quot;:&quot;fadeIn&quot;}\" data-widget_type=\"wd_banner.default\">\n\t\t\t\t<div class=\"elementor-widget-container\">\n\t\t\t\t\t\t\t<div class=\"promo-banner-wrapper\">\n\t\t\t<div class=\"promo-banner banner-default banner-hover-zoom-reverse color-scheme- banner-btn-size-default banner-btn-style-link with-btn banner-btn-position-hover wd-with-link\">\n\t\t\t\t<div class=\"main-wrapp-img\">\n\t\t\t\t\t<div class=\"banner-image wd-without-height\">\n\t\t\t\t\t\t\t\t\t\t\t\t\t\t\t\t\t\t\t\t\t<img loading=\"lazy\" decoding=\"async\" width=\"768\" height=\"1024\" src=\"https:\/\/muebleslacandona.com\/wp-content\/uploads\/2026\/04\/Moderno-Coleccion-Jamay21-768x1024.webp\" class=\"attachment-large size-large\" alt=\"\" srcset=\"https:\/\/muebleslacandona.com\/wp-content\/uploads\/2026\/04\/Moderno-Coleccion-Jamay21-768x1024.webp 768w, https:\/\/muebleslacandona.com\/wp-content\/uploads\/2026\/04\/Moderno-Coleccion-Jamay21-225x300.webp 225w, https:\/\/muebleslacandona.com\/wp-content\/uploads\/2026\/04\/Moderno-Coleccion-Jamay21-1152x1536.webp 1152w, https:\/\/muebleslacandona.com\/wp-content\/uploads\/2026\/04\/Moderno-Coleccion-Jamay21-9x12.webp 9w, https:\/\/muebleslacandona.com\/wp-content\/uploads\/2026\/04\/Moderno-Coleccion-Jamay21-600x800.webp 600w, https:\/\/muebleslacandona.com\/wp-content\/uploads\/2026\/04\/Moderno-Coleccion-Jamay21-150x200.webp 150w, https:\/\/muebleslacandona.com\/wp-content\/uploads\/2026\/04\/Moderno-Coleccion-Jamay21.webp 1200w\" sizes=\"auto, (max-width: 768px) 100vw, 768px\" \/>\t\t\t\t\t\t\t\t\t\t\t\t\t\t\t\t\t\t<\/div>\n\t\t\t\t<\/div>\n\n\t\t\t\t<div class=\"wrapper-content-banner wd-fill wd-items-bottom wd-justify-left\">\n\t\t\t\t\t<div class=\"content-banner  text-left\">\n\t\t\t\t\t\t\t\t\t\t\t\t\t\n\t\t\t\t\t\t\t<div class=\"banner-subtitle subtitle-style-default wd-fontsize-xs\" data-elementor-setting-key=\"subtitle\">\n\t\t\t\t\t\t\t\tColecci\u00f3n\t\t\t\t\t\t\t<\/div>\n\t\t\t\t\t\t\n\t\t\t\t\t\t\t\t\t\t\t\t\t<h4 class=\"banner-title wd-fontsize-l\" data-elementor-setting-key=\"title\">\n\t\t\t\t\t\t\t\tJamay\t\t\t\t\t\t\t<\/h4>\n\t\t\t\t\t\t\n\t\t\t\t\t\t\n\t\t\t\t\t\t\n\t\t\t\t\t\t\t\t\t\t\t\t\t<div class=\"banner-btn-wrapper wd-hide-md-sm wd-hide-sm\">\n\t\t\t\t\t\t\t\t\t\t<div class=\"wd-button-wrapper text-left\" >\n\t\t\t<a class=\"btn btn-style-link btn-shape- btn-size-default btn-icon-pos-right\"  href=\"#\">\n\t\t\t\t<span class=\"wd-btn-text\" data-elementor-setting-key=\"text\">\n\t\t\t\t\tCon\u00f3cela\t\t\t\t<\/span>\n\n\t\t\t\t\t\t\t<\/a>\n\t\t<\/div>\n\t\t\t\t\t\t\t\t\t<\/div>\n\t\t\t\t\t\t\t\t\t\t\t<\/div>\n\t\t\t\t<\/div>\n\n\t\t\t\t\t\t\t\t\t<a href=\"#\" class=\"wd-promo-banner-link wd-fill\" aria-label=\"Banner link\"><\/a>\n\t\t\t\t\t\t\t<\/div>\n\t\t<\/div>\n\t\t\t\t\t\t<\/div>\n\t\t\t\t<\/div>\n\t\t\t\t\t<\/div>\n\t\t\t\t<\/div>\n\t\t\t\t<\/div>","protected":false},"excerpt":{"rendered":"<p>Colecci\u00f3n Marino Con\u00f3cela Colecci\u00f3n Tejidos Con\u00f3cela Colecci\u00f3n Coral Con\u00f3cela Colecci\u00f3n Komali Con\u00f3cela Colecci\u00f3n Jade Con\u00f3cela Colecci\u00f3n Jamay Con\u00f3cela<\/p>","protected":false},"author":2,"featured_media":0,"parent":0,"menu_order":0,"comment_status":"closed","ping_status":"closed","template":"","meta":{"footnotes":""},"class_list":["post-19595","page","type-page","status-publish","hentry"],"yoast_head":"<!-- This site is optimized with the Yoast SEO plugin v27.0 - https:\/\/yoast.com\/product\/yoast-seo-wordpress\/ -->\n<title>M\u00e9xico Moderno - Muebles Lacandona<\/title>\n<meta name=\"robots\" content=\"index, follow, max-snippet:-1, max-image-preview:large, max-video-preview:-1\" \/>\n<link rel=\"canonical\" href=\"https:\/\/muebleslacandona.com\/en\/mexico-moderno\/\" \/>\n<meta property=\"og:locale\" content=\"en_US\" \/>\n<meta property=\"og:type\" content=\"article\" \/>\n<meta property=\"og:title\" content=\"M\u00e9xico Moderno - Muebles Lacandona\" \/>\n<meta property=\"og:description\" content=\"Colecci\u00f3n Marino Con\u00f3cela Colecci\u00f3n Tejidos Con\u00f3cela Colecci\u00f3n Coral Con\u00f3cela Colecci\u00f3n Komali Con\u00f3cela Colecci\u00f3n Jade Con\u00f3cela Colecci\u00f3n Jamay Con\u00f3cela\" \/>\n<meta property=\"og:url\" content=\"https:\/\/muebleslacandona.com\/en\/mexico-moderno\/\" \/>\n<meta property=\"og:site_name\" content=\"Muebles Lacandona\" \/>\n<meta property=\"article:modified_time\" content=\"2026-04-22T23:21:21+00:00\" \/>\n<meta property=\"og:image\" content=\"https:\/\/muebleslacandona.com\/wp-content\/uploads\/2026\/04\/Moderno-Coleccion-Marino-768x1024.webp\" \/>\n<meta name=\"twitter:card\" content=\"summary_large_image\" \/>\n<meta name=\"twitter:label1\" content=\"Est. reading time\" \/>\n\t<meta name=\"twitter:data1\" content=\"2 minutes\" \/>\n<script type=\"application\/ld+json\" class=\"yoast-schema-graph\">{\"@context\":\"https:\/\/schema.org\",\"@graph\":[{\"@type\":\"WebPage\",\"@id\":\"https:\/\/muebleslacandona.com\/mexico-moderno\/\",\"url\":\"https:\/\/muebleslacandona.com\/mexico-moderno\/\",\"name\":\"M\u00e9xico Moderno - Muebles Lacandona\",\"isPartOf\":{\"@id\":\"https:\/\/muebleslacandona.com\/#website\"},\"primaryImageOfPage\":{\"@id\":\"https:\/\/muebleslacandona.com\/mexico-moderno\/#primaryimage\"},\"image\":{\"@id\":\"https:\/\/muebleslacandona.com\/mexico-moderno\/#primaryimage\"},\"thumbnailUrl\":\"https:\/\/muebleslacandona.com\/wp-content\/uploads\/2026\/04\/Moderno-Coleccion-Marino-768x1024.webp\",\"datePublished\":\"2026-04-22T18:02:53+00:00\",\"dateModified\":\"2026-04-22T23:21:21+00:00\",\"breadcrumb\":{\"@id\":\"https:\/\/muebleslacandona.com\/mexico-moderno\/#breadcrumb\"},\"inLanguage\":\"en-US\",\"potentialAction\":[{\"@type\":\"ReadAction\",\"target\":[\"https:\/\/muebleslacandona.com\/mexico-moderno\/\"]}]},{\"@type\":\"ImageObject\",\"inLanguage\":\"en-US\",\"@id\":\"https:\/\/muebleslacandona.com\/mexico-moderno\/#primaryimage\",\"url\":\"https:\/\/muebleslacandona.com\/wp-content\/uploads\/2026\/04\/Moderno-Coleccion-Marino-768x1024.webp\",\"contentUrl\":\"https:\/\/muebleslacandona.com\/wp-content\/uploads\/2026\/04\/Moderno-Coleccion-Marino-768x1024.webp\"},{\"@type\":\"BreadcrumbList\",\"@id\":\"https:\/\/muebleslacandona.com\/mexico-moderno\/#breadcrumb\",\"itemListElement\":[{\"@type\":\"ListItem\",\"position\":1,\"name\":\"Portada\",\"item\":\"https:\/\/muebleslacandona.com\/\"},{\"@type\":\"ListItem\",\"position\":2,\"name\":\"M\u00e9xico Moderno\"}]},{\"@type\":\"WebSite\",\"@id\":\"https:\/\/muebleslacandona.com\/#website\",\"url\":\"https:\/\/muebleslacandona.com\/\",\"name\":\"Muebles Lacandona\",\"description\":\"Fabricamos muebles para restaurantes mexicanos en Estados Unidos, dise\u00f1ados para atraer clientes y elevar la experiencia de tu negocio. En Muebles Lacandona combinamos artesan\u00eda mexicana, personalizaci\u00f3n y m\u00e1s de 25 a\u00f1os de experiencia para crear espacios \u00fanicos que conectan con la cultura latina y aumentan el valor de tu restaurante.\",\"potentialAction\":[{\"@type\":\"SearchAction\",\"target\":{\"@type\":\"EntryPoint\",\"urlTemplate\":\"https:\/\/muebleslacandona.com\/?s={search_term_string}\"},\"query-input\":{\"@type\":\"PropertyValueSpecification\",\"valueRequired\":true,\"valueName\":\"search_term_string\"}}],\"inLanguage\":\"en-US\"}]}<\/script>\n<!-- \/ Yoast SEO plugin. -->","yoast_head_json":{"title":"M\u00e9xico Moderno - Muebles Lacandona","robots":{"index":"index","follow":"follow","max-snippet":"max-snippet:-1","max-image-preview":"max-image-preview:large","max-video-preview":"max-video-preview:-1"},"canonical":"https:\/\/muebleslacandona.com\/en\/mexico-moderno\/","og_locale":"en_US","og_type":"article","og_title":"M\u00e9xico Moderno - Muebles Lacandona","og_description":"Colecci\u00f3n Marino Con\u00f3cela Colecci\u00f3n Tejidos Con\u00f3cela Colecci\u00f3n Coral Con\u00f3cela Colecci\u00f3n Komali Con\u00f3cela Colecci\u00f3n Jade Con\u00f3cela Colecci\u00f3n Jamay Con\u00f3cela","og_url":"https:\/\/muebleslacandona.com\/en\/mexico-moderno\/","og_site_name":"Muebles Lacandona","article_modified_time":"2026-04-22T23:21:21+00:00","og_image":[{"url":"https:\/\/muebleslacandona.com\/wp-content\/uploads\/2026\/04\/Moderno-Coleccion-Marino-768x1024.webp","type":"","width":"","height":""}],"twitter_card":"summary_large_image","twitter_misc":{"Est. reading time":"2 minutes"},"schema":{"@context":"https:\/\/schema.org","@graph":[{"@type":"WebPage","@id":"https:\/\/muebleslacandona.com\/mexico-moderno\/","url":"https:\/\/muebleslacandona.com\/mexico-moderno\/","name":"M\u00e9xico Moderno - Muebles Lacandona","isPartOf":{"@id":"https:\/\/muebleslacandona.com\/#website"},"primaryImageOfPage":{"@id":"https:\/\/muebleslacandona.com\/mexico-moderno\/#primaryimage"},"image":{"@id":"https:\/\/muebleslacandona.com\/mexico-moderno\/#primaryimage"},"thumbnailUrl":"https:\/\/muebleslacandona.com\/wp-content\/uploads\/2026\/04\/Moderno-Coleccion-Marino-768x1024.webp","datePublished":"2026-04-22T18:02:53+00:00","dateModified":"2026-04-22T23:21:21+00:00","breadcrumb":{"@id":"https:\/\/muebleslacandona.com\/mexico-moderno\/#breadcrumb"},"inLanguage":"en-US","potentialAction":[{"@type":"ReadAction","target":["https:\/\/muebleslacandona.com\/mexico-moderno\/"]}]},{"@type":"ImageObject","inLanguage":"en-US","@id":"https:\/\/muebleslacandona.com\/mexico-moderno\/#primaryimage","url":"https:\/\/muebleslacandona.com\/wp-content\/uploads\/2026\/04\/Moderno-Coleccion-Marino-768x1024.webp","contentUrl":"https:\/\/muebleslacandona.com\/wp-content\/uploads\/2026\/04\/Moderno-Coleccion-Marino-768x1024.webp"},{"@type":"BreadcrumbList","@id":"https:\/\/muebleslacandona.com\/mexico-moderno\/#breadcrumb","itemListElement":[{"@type":"ListItem","position":1,"name":"Portada","item":"https:\/\/muebleslacandona.com\/"},{"@type":"ListItem","position":2,"name":"M\u00e9xico Moderno"}]},{"@type":"WebSite","@id":"https:\/\/muebleslacandona.com\/#website","url":"https:\/\/muebleslacandona.com\/","name":"Muebles Lacandona","description":"Fabricamos muebles para restaurantes mexicanos en Estados Unidos, dise\u00f1ados para atraer clientes y elevar la experiencia de tu negocio. En Muebles Lacandona combinamos artesan\u00eda mexicana, personalizaci\u00f3n y m\u00e1s de 25 a\u00f1os de experiencia para crear espacios \u00fanicos que conectan con la cultura latina y aumentan el valor de tu restaurante.","potentialAction":[{"@type":"SearchAction","target":{"@type":"EntryPoint","urlTemplate":"https:\/\/muebleslacandona.com\/?s={search_term_string}"},"query-input":{"@type":"PropertyValueSpecification","valueRequired":true,"valueName":"search_term_string"}}],"inLanguage":"en-US"}]}},"_links":{"self":[{"href":"https:\/\/muebleslacandona.com\/en\/wp-json\/wp\/v2\/pages\/19595","targetHints":{"allow":["GET"]}}],"collection":[{"href":"https:\/\/muebleslacandona.com\/en\/wp-json\/wp\/v2\/pages"}],"about":[{"href":"https:\/\/muebleslacandona.com\/en\/wp-json\/wp\/v2\/types\/page"}],"author":[{"embeddable":true,"href":"https:\/\/muebleslacandona.com\/en\/wp-json\/wp\/v2\/users\/2"}],"replies":[{"embeddable":true,"href":"https:\/\/muebleslacandona.com\/en\/wp-json\/wp\/v2\/comments?post=19595"}],"version-history":[{"count":22,"href":"https:\/\/muebleslacandona.com\/en\/wp-json\/wp\/v2\/pages\/19595\/revisions"}],"predecessor-version":[{"id":19660,"href":"https:\/\/muebleslacandona.com\/en\/wp-json\/wp\/v2\/pages\/19595\/revisions\/19660"}],"wp:attachment":[{"href":"https:\/\/muebleslacandona.com\/en\/wp-json\/wp\/v2\/media?parent=19595"}],"curies":[{"name":"wp","href":"https:\/\/api.w.org\/{rel}","templated":true}]}}