{"id":13156,"date":"2023-02-28T20:49:11","date_gmt":"2023-03-01T02:49:11","guid":{"rendered":"https:\/\/muebleslacandona.com\/?page_id=13156"},"modified":"2023-02-28T21:00:45","modified_gmt":"2023-03-01T03:00:45","slug":"mis-favoritos","status":"publish","type":"page","link":"https:\/\/muebleslacandona.com\/en\/mis-favoritos\/","title":{"rendered":"Wishlist"},"content":{"rendered":"<div data-elementor-type=\"wp-page\" data-elementor-id=\"13156\" class=\"elementor elementor-13156\" wpc-filter-elementor-widget=\"1\" data-elementor-post-type=\"page\">\n\t\t\t\t\t\t<section class=\"wd-negative-gap elementor-section elementor-top-section elementor-element elementor-element-6207fcca elementor-section-boxed elementor-section-height-default elementor-section-height-default\" data-id=\"6207fcca\" data-element_type=\"section\">\n\t\t\t\t\t\t<div class=\"elementor-container elementor-column-gap-default\">\n\t\t\t\t\t<div class=\"elementor-column elementor-col-100 elementor-top-column elementor-element elementor-element-615c1c1d\" data-id=\"615c1c1d\" data-element_type=\"column\">\n\t\t\t<div class=\"elementor-widget-wrap elementor-element-populated\">\n\t\t\t\t\t\t\t<\/div>\n\t\t<\/div>\n\t\t\t\t\t<\/div>\n\t\t<\/section>\n\t\t\t\t<\/div>","protected":false},"excerpt":{"rendered":"<p>Mi cuenta Escritorio Pedidos Descargas Addresses Detalles de la cuenta Favoritos Cerrar sesi\u00f3n Your products wishlist Share: Remove Select all<\/p>","protected":false},"author":1,"featured_media":0,"parent":0,"menu_order":0,"comment_status":"closed","ping_status":"closed","template":"","meta":{"footnotes":""},"class_list":["post-13156","page","type-page","status-publish","hentry"],"yoast_head":"<!-- This site is optimized with the Yoast SEO plugin v27.5 - https:\/\/yoast.com\/product\/yoast-seo-wordpress\/ -->\n<title>Mis favoritos - Muebles Lacandona<\/title>\n<meta name=\"robots\" content=\"index, follow, max-snippet:-1, max-image-preview:large, max-video-preview:-1\" \/>\n<link rel=\"canonical\" href=\"https:\/\/muebleslacandona.com\/en\/mis-favoritos\/\" \/>\n<meta property=\"og:locale\" content=\"en_US\" \/>\n<meta property=\"og:type\" content=\"article\" \/>\n<meta property=\"og:title\" content=\"Mis favoritos - Muebles Lacandona\" \/>\n<meta property=\"og:description\" content=\"Mi cuenta Escritorio Pedidos Descargas Addresses Detalles de la cuenta Favoritos Cerrar sesi\u00f3n Your products wishlist Share: Remove Select all\" \/>\n<meta property=\"og:url\" content=\"https:\/\/muebleslacandona.com\/en\/mis-favoritos\/\" \/>\n<meta property=\"og:site_name\" content=\"Muebles Lacandona\" \/>\n<meta property=\"article:modified_time\" content=\"2023-03-01T03:00:45+00:00\" \/>\n<meta property=\"og:image\" content=\"http:\/\/muebleslacandona.com\/wp-content\/uploads\/2023\/02\/Booth-restaurante-Celaya-Lacandona-1-300x300.webp\" \/>\n<meta name=\"twitter:card\" content=\"summary_large_image\" \/>\n<meta name=\"twitter:label1\" content=\"Est. reading time\" \/>\n\t<meta name=\"twitter:data1\" content=\"2 minutes\" \/>\n<script type=\"application\/ld+json\" class=\"yoast-schema-graph\">{\"@context\":\"https:\\\/\\\/schema.org\",\"@graph\":[{\"@type\":\"WebPage\",\"@id\":\"https:\\\/\\\/muebleslacandona.com\\\/mis-favoritos\\\/\",\"url\":\"https:\\\/\\\/muebleslacandona.com\\\/mis-favoritos\\\/\",\"name\":\"Mis favoritos - Muebles Lacandona\",\"isPartOf\":{\"@id\":\"https:\\\/\\\/muebleslacandona.com\\\/#website\"},\"primaryImageOfPage\":{\"@id\":\"https:\\\/\\\/muebleslacandona.com\\\/mis-favoritos\\\/#primaryimage\"},\"image\":{\"@id\":\"https:\\\/\\\/muebleslacandona.com\\\/mis-favoritos\\\/#primaryimage\"},\"thumbnailUrl\":\"http:\\\/\\\/muebleslacandona.com\\\/wp-content\\\/uploads\\\/2023\\\/02\\\/Booth-restaurante-Celaya-Lacandona-1-300x300.webp\",\"datePublished\":\"2023-03-01T02:49:11+00:00\",\"dateModified\":\"2023-03-01T03:00:45+00:00\",\"breadcrumb\":{\"@id\":\"https:\\\/\\\/muebleslacandona.com\\\/mis-favoritos\\\/#breadcrumb\"},\"inLanguage\":\"en-US\",\"potentialAction\":[{\"@type\":\"ReadAction\",\"target\":[\"https:\\\/\\\/muebleslacandona.com\\\/mis-favoritos\\\/\"]}]},{\"@type\":\"ImageObject\",\"inLanguage\":\"en-US\",\"@id\":\"https:\\\/\\\/muebleslacandona.com\\\/mis-favoritos\\\/#primaryimage\",\"url\":\"http:\\\/\\\/muebleslacandona.com\\\/wp-content\\\/uploads\\\/2023\\\/02\\\/Booth-restaurante-Celaya-Lacandona-1-300x300.webp\",\"contentUrl\":\"http:\\\/\\\/muebleslacandona.com\\\/wp-content\\\/uploads\\\/2023\\\/02\\\/Booth-restaurante-Celaya-Lacandona-1-300x300.webp\"},{\"@type\":\"BreadcrumbList\",\"@id\":\"https:\\\/\\\/muebleslacandona.com\\\/mis-favoritos\\\/#breadcrumb\",\"itemListElement\":[{\"@type\":\"ListItem\",\"position\":1,\"name\":\"Portada\",\"item\":\"https:\\\/\\\/muebleslacandona.com\\\/\"},{\"@type\":\"ListItem\",\"position\":2,\"name\":\"Mis favoritos\"}]},{\"@type\":\"WebSite\",\"@id\":\"https:\\\/\\\/muebleslacandona.com\\\/#website\",\"url\":\"https:\\\/\\\/muebleslacandona.com\\\/\",\"name\":\"Muebles Lacandona\",\"description\":\"Fabricamos muebles para restaurantes mexicanos en Estados Unidos, dise\u00f1ados para atraer clientes y elevar la experiencia de tu negocio. En Muebles Lacandona combinamos artesan\u00eda mexicana, personalizaci\u00f3n y m\u00e1s de 25 a\u00f1os de experiencia para crear espacios \u00fanicos que conectan con la cultura latina y aumentan el valor de tu restaurante.\",\"potentialAction\":[{\"@type\":\"SearchAction\",\"target\":{\"@type\":\"EntryPoint\",\"urlTemplate\":\"https:\\\/\\\/muebleslacandona.com\\\/?s={search_term_string}\"},\"query-input\":{\"@type\":\"PropertyValueSpecification\",\"valueRequired\":true,\"valueName\":\"search_term_string\"}}],\"inLanguage\":\"en-US\"}]}<\/script>\n<!-- \/ Yoast SEO plugin. -->","yoast_head_json":{"title":"Mis favoritos - Muebles Lacandona","robots":{"index":"index","follow":"follow","max-snippet":"max-snippet:-1","max-image-preview":"max-image-preview:large","max-video-preview":"max-video-preview:-1"},"canonical":"https:\/\/muebleslacandona.com\/en\/mis-favoritos\/","og_locale":"en_US","og_type":"article","og_title":"Mis favoritos - Muebles Lacandona","og_description":"Mi cuenta Escritorio Pedidos Descargas Addresses Detalles de la cuenta Favoritos Cerrar sesi\u00f3n Your products wishlist Share: Remove Select all","og_url":"https:\/\/muebleslacandona.com\/en\/mis-favoritos\/","og_site_name":"Muebles Lacandona","article_modified_time":"2023-03-01T03:00:45+00:00","og_image":[{"url":"http:\/\/muebleslacandona.com\/wp-content\/uploads\/2023\/02\/Booth-restaurante-Celaya-Lacandona-1-300x300.webp","type":"","width":"","height":""}],"twitter_card":"summary_large_image","twitter_misc":{"Est. reading time":"2 minutes"},"schema":{"@context":"https:\/\/schema.org","@graph":[{"@type":"WebPage","@id":"https:\/\/muebleslacandona.com\/mis-favoritos\/","url":"https:\/\/muebleslacandona.com\/mis-favoritos\/","name":"Mis favoritos - Muebles Lacandona","isPartOf":{"@id":"https:\/\/muebleslacandona.com\/#website"},"primaryImageOfPage":{"@id":"https:\/\/muebleslacandona.com\/mis-favoritos\/#primaryimage"},"image":{"@id":"https:\/\/muebleslacandona.com\/mis-favoritos\/#primaryimage"},"thumbnailUrl":"http:\/\/muebleslacandona.com\/wp-content\/uploads\/2023\/02\/Booth-restaurante-Celaya-Lacandona-1-300x300.webp","datePublished":"2023-03-01T02:49:11+00:00","dateModified":"2023-03-01T03:00:45+00:00","breadcrumb":{"@id":"https:\/\/muebleslacandona.com\/mis-favoritos\/#breadcrumb"},"inLanguage":"en-US","potentialAction":[{"@type":"ReadAction","target":["https:\/\/muebleslacandona.com\/mis-favoritos\/"]}]},{"@type":"ImageObject","inLanguage":"en-US","@id":"https:\/\/muebleslacandona.com\/mis-favoritos\/#primaryimage","url":"http:\/\/muebleslacandona.com\/wp-content\/uploads\/2023\/02\/Booth-restaurante-Celaya-Lacandona-1-300x300.webp","contentUrl":"http:\/\/muebleslacandona.com\/wp-content\/uploads\/2023\/02\/Booth-restaurante-Celaya-Lacandona-1-300x300.webp"},{"@type":"BreadcrumbList","@id":"https:\/\/muebleslacandona.com\/mis-favoritos\/#breadcrumb","itemListElement":[{"@type":"ListItem","position":1,"name":"Portada","item":"https:\/\/muebleslacandona.com\/"},{"@type":"ListItem","position":2,"name":"Mis favoritos"}]},{"@type":"WebSite","@id":"https:\/\/muebleslacandona.com\/#website","url":"https:\/\/muebleslacandona.com\/","name":"Muebles Lacandona","description":"Fabricamos muebles para restaurantes mexicanos en Estados Unidos, dise\u00f1ados para atraer clientes y elevar la experiencia de tu negocio. En Muebles Lacandona combinamos artesan\u00eda mexicana, personalizaci\u00f3n y m\u00e1s de 25 a\u00f1os de experiencia para crear espacios \u00fanicos que conectan con la cultura latina y aumentan el valor de tu restaurante.","potentialAction":[{"@type":"SearchAction","target":{"@type":"EntryPoint","urlTemplate":"https:\/\/muebleslacandona.com\/?s={search_term_string}"},"query-input":{"@type":"PropertyValueSpecification","valueRequired":true,"valueName":"search_term_string"}}],"inLanguage":"en-US"}]}},"_links":{"self":[{"href":"https:\/\/muebleslacandona.com\/en\/wp-json\/wp\/v2\/pages\/13156","targetHints":{"allow":["GET"]}}],"collection":[{"href":"https:\/\/muebleslacandona.com\/en\/wp-json\/wp\/v2\/pages"}],"about":[{"href":"https:\/\/muebleslacandona.com\/en\/wp-json\/wp\/v2\/types\/page"}],"author":[{"embeddable":true,"href":"https:\/\/muebleslacandona.com\/en\/wp-json\/wp\/v2\/users\/1"}],"replies":[{"embeddable":true,"href":"https:\/\/muebleslacandona.com\/en\/wp-json\/wp\/v2\/comments?post=13156"}],"version-history":[{"count":0,"href":"https:\/\/muebleslacandona.com\/en\/wp-json\/wp\/v2\/pages\/13156\/revisions"}],"wp:attachment":[{"href":"https:\/\/muebleslacandona.com\/en\/wp-json\/wp\/v2\/media?parent=13156"}],"curies":[{"name":"wp","href":"https:\/\/api.w.org\/{rel}","templated":true}]}}