{"id":12938,"date":"2023-02-22T21:07:45","date_gmt":"2023-02-22T21:07:45","guid":{"rendered":"https:\/\/muebleslacandona.com\/?page_id=12938"},"modified":"2023-02-22T21:07:47","modified_gmt":"2023-02-22T21:07:47","slug":"terminos-y-condiciones","status":"publish","type":"page","link":"https:\/\/muebleslacandona.com\/en\/terminos-y-condiciones\/","title":{"rendered":"T\u00e9rminos y condiciones"},"content":{"rendered":"<p>Muebles Lacandona proteger\u00e1 tus datos personales proporcionados a trav\u00e9s del sitio web muebleslacandona.com, en los sucesivo muebleslacandona.com.mx, por esta raz\u00f3n, se da a conocer a sus usuarios las siguientes pol\u00edticas, basadas en la normatividad vigente aplicable a la protecci\u00f3n de datos personales.<\/p>\n\n\n\n<p><strong>Objeto<\/strong><\/p>\n\n\n\n<p>La Pol\u00edtica de Privacidad y Protecci\u00f3n de Datos Personales, en adelante la Pol\u00edtica de Privacidad, explica c\u00f3mo se tratan y protegen los datos personales que sean recolectados en el portal gob.mx; d\u00e1ndote la seguridad de que tus datos ser\u00e1n almacenados en plataformas seguras. Responsable del tratamiento de los datos personales y fundamento para ello.<\/p>\n\n\n\n<p>La Unidad de Gobierno Digital de la Secretar\u00eda de la Funci\u00f3n P\u00fablica, en adelante UGD, hace de tu conocimiento que el fundamento para administrar el portal www.gob.mx, se encuentra en los art\u00edculos 6\u00b0 y 16 segundo p\u00e1rrafo de la Constituci\u00f3n Pol\u00edtica de los Estados Unidos Mexicano; as\u00ed como en el art\u00edculo 37, fracci\u00f3n XXVI, en relaci\u00f3n con el segundo transitorio de la Ley Org\u00e1nica de la Administraci\u00f3n P\u00fablica Federal; el 18, fracciones I, VI, VII, VIII, IX, X y XIII del Reglamento Interior de la Secretar\u00eda de la Funci\u00f3n P\u00fablica, Ley General de Transparencia y Acceso a la Informaci\u00f3n P\u00fablica, Lineamientos de Protecci\u00f3n de Datos Personales, el art\u00edculo 20 de la Ley Federal de Transparencia y Acceso a la Informaci\u00f3n P\u00fablica Gubernamental; d\u00e9cimo sexto y d\u00e9cimo s\u00e9ptimo de los Lineamientos de Protecci\u00f3n de Datos Personales.<\/p>\n\n\n\n<p>No obstante lo anterior, la informaci\u00f3n recolectada a trav\u00e9s de muebleslacandona.com, es almacenada para fines de comunicaci\u00f3n. Por esta raz\u00f3n, la responsabilidad sobre la publicidad, veracidad y oportunidad de la misma es exclusiva de la Muebles Lacandona y ser\u00e1 la responsable del tratamiento y uso de los datos que proporcione el usuario de conformidad con la normatividad aplicable en la materia. Los usuarios deben saber que al acceder a este portal pueden ser direccionados a otros sitios que est\u00e1n fuera de nuestro control. Muebles Lacandona no endosa, representa ni garantiza la Pol\u00edtica de Privacidad o el contenido de ning\u00fan sitio de terceros que tenga enlaces desde o hacia el sitio muebleslacandona.com.<\/p>\n\n\n\n<p><strong>Datos sometidos a tratamiento.<\/strong><\/p>\n\n\n\n<p>Los datos que se recolectan a trav\u00e9s del portal muebleslacandona.com, son datos sensibles, y consisten en los siguientes datos: nombre completo, correo electr\u00f3nico, n\u00famero telef\u00f3nico y ubicaci\u00f3n de residencia.<\/p>\n\n\n\n<p><strong>Finalidades del tratamiento de los datos personales.<\/strong><\/p>\n\n\n\n<p>Los datos personales podr\u00e1n ser tratados para los siguientes fines:<\/p>\n\n\n\n<p>\u2022 A) Hacerte llegar el bolet\u00edn de muebleslacandona.com.<\/p>\n\n\n\n<p>\u2022 B) Habilitar el sistema para que puedas solicitar informaci\u00f3n.<\/p>\n\n\n\n<p>\u2022 C) Uno de los asesores de muebles lacandona pueda comunicarse para dar seguimiento a tu solicitud de informaci\u00f3n.<\/p>\n\n\n\n<p>\u2022 D) Realizar estad\u00edsticas que nos permitan mejorar tu experiencia como usuario.<\/p>\n\n\n\n<p>La Pol\u00edtica de Privacidad y Protecci\u00f3n de Datos Personales, en adelante la Pol\u00edtica de Privacidad, explica c\u00f3mo se tratan y protegen los datos personales que sean recolectados en el portal muebleslacandona.com; d\u00e1ndote la seguridad de que tus datos ser\u00e1n almacenados en plataformas seguras.<\/p>\n\n\n\n<p><strong>Nombre del sistema de datos personales.<\/strong><\/p>\n\n\n\n<p>Los datos personales podr\u00e1n ser tratados sin consentimiento del titular, siempre en respeto a los derechos de los usuarios, y s\u00f3lo por razones de seguridad nacional, disposiciones de orden p\u00fablico, seguridad y salud p\u00fablicas o para proteger los derechos de terceros, seg\u00fan lo establece de esta manera, el segundo p\u00e1rrafo del art\u00edculo 16, de la Constituci\u00f3n Pol\u00edtica de los Estados Unidos Mexicanos, as\u00ed como en los supuestos previstos por el art\u00edculo 22 de la Ley Federal de Transparencia y Acceso a la Informaci\u00f3n P\u00fablica Gubernamental.<\/p>\n\n\n\n<p><strong>Uso de cookies.<\/strong><\/p>\n\n\n\n<p>El portal muebleslacandona.com utiliza cookies para ayudarnos a obtener informaci\u00f3n estad\u00edstica sobre el uso del portal. En cualquier momento puede eliminar la cookie que utiliza nuestro portal, accediendo a las preferencias de configuraci\u00f3n de su navegador. Igualmente puede impedir que vuelva a instalarse dicho archivo, realizando los ajustes correspondientes en las preferencias de configuraci\u00f3n de su navegador.<\/p>\n\n\n\n<p><strong>Cambios y actualizaciones a la Pol\u00edtica de Privacidad.<\/strong><\/p>\n\n\n\n<p>La presente pol\u00edtica de privacidad puede cambiar o actualizarse peri\u00f3dicamente; por lo que te pedimos la revises constantemente y puedas estar al tanto de la \u00faltima versi\u00f3n que rige el tratamiento de tus datos personales. No obstante lo anterior, la presente pol\u00edtica de privacidad siempre deber\u00e1 observar las disposiciones jur\u00eddicas aplicables. Acceso y correcci\u00f3n de tus datos personales. Las Dependencias y Entidades de la Administraci\u00f3n P\u00fablica Federal y de las empresas productivas del Estado, deber\u00e1n permitir al interesado ejercer los derechos de acceso y correcci\u00f3n de datos personales de conformidad con el art\u00edculo 16 p\u00e1rrafo segundo de la Constituci\u00f3n Pol\u00edtica de los Estados Unidos Mexicanos, as\u00ed como los art\u00edculos 24 y 25 de la Ley Federal de Transparencia y Acceso a la Informaci\u00f3n P\u00fablica Gubernamental, as\u00ed como el 47 de su Reglamento, y conforme a los procedimientos y mecanismos previstos en los lineamientos emitidos en esa materia por el INAI.<\/p>","protected":false},"excerpt":{"rendered":"<p>Muebles Lacandona proteger\u00e1 tus datos personales proporcionados a trav\u00e9s del sitio web muebleslacandona.com, en los sucesivo muebleslacandona.com.mx, por esta raz\u00f3n,<\/p>","protected":false},"author":1,"featured_media":0,"parent":0,"menu_order":0,"comment_status":"closed","ping_status":"closed","template":"","meta":{"footnotes":""},"class_list":["post-12938","page","type-page","status-publish","hentry"],"yoast_head":"<!-- This site is optimized with the Yoast SEO plugin v27.5 - https:\/\/yoast.com\/product\/yoast-seo-wordpress\/ -->\n<title>T\u00e9rminos y condiciones - Muebles Lacandona<\/title>\n<meta name=\"robots\" content=\"index, follow, max-snippet:-1, max-image-preview:large, max-video-preview:-1\" \/>\n<link rel=\"canonical\" href=\"https:\/\/muebleslacandona.com\/en\/terminos-y-condiciones\/\" \/>\n<meta property=\"og:locale\" content=\"en_US\" \/>\n<meta property=\"og:type\" content=\"article\" \/>\n<meta property=\"og:title\" content=\"T\u00e9rminos y condiciones - Muebles Lacandona\" \/>\n<meta property=\"og:description\" content=\"Muebles Lacandona proteger\u00e1 tus datos personales proporcionados a trav\u00e9s del sitio web muebleslacandona.com, en los sucesivo muebleslacandona.com.mx, por esta raz\u00f3n,\" \/>\n<meta property=\"og:url\" content=\"https:\/\/muebleslacandona.com\/en\/terminos-y-condiciones\/\" \/>\n<meta property=\"og:site_name\" content=\"Muebles Lacandona\" \/>\n<meta property=\"article:modified_time\" content=\"2023-02-22T21:07:47+00:00\" \/>\n<meta name=\"twitter:card\" content=\"summary_large_image\" \/>\n<meta name=\"twitter:label1\" content=\"Est. reading time\" \/>\n\t<meta name=\"twitter:data1\" content=\"4 minutes\" \/>\n<script type=\"application\/ld+json\" class=\"yoast-schema-graph\">{\"@context\":\"https:\\\/\\\/schema.org\",\"@graph\":[{\"@type\":\"WebPage\",\"@id\":\"https:\\\/\\\/muebleslacandona.com\\\/terminos-y-condiciones\\\/\",\"url\":\"https:\\\/\\\/muebleslacandona.com\\\/terminos-y-condiciones\\\/\",\"name\":\"T\u00e9rminos y condiciones - Muebles Lacandona\",\"isPartOf\":{\"@id\":\"https:\\\/\\\/muebleslacandona.com\\\/#website\"},\"datePublished\":\"2023-02-22T21:07:45+00:00\",\"dateModified\":\"2023-02-22T21:07:47+00:00\",\"breadcrumb\":{\"@id\":\"https:\\\/\\\/muebleslacandona.com\\\/terminos-y-condiciones\\\/#breadcrumb\"},\"inLanguage\":\"en-US\",\"potentialAction\":[{\"@type\":\"ReadAction\",\"target\":[\"https:\\\/\\\/muebleslacandona.com\\\/terminos-y-condiciones\\\/\"]}]},{\"@type\":\"BreadcrumbList\",\"@id\":\"https:\\\/\\\/muebleslacandona.com\\\/terminos-y-condiciones\\\/#breadcrumb\",\"itemListElement\":[{\"@type\":\"ListItem\",\"position\":1,\"name\":\"Portada\",\"item\":\"https:\\\/\\\/muebleslacandona.com\\\/\"},{\"@type\":\"ListItem\",\"position\":2,\"name\":\"T\u00e9rminos y condiciones\"}]},{\"@type\":\"WebSite\",\"@id\":\"https:\\\/\\\/muebleslacandona.com\\\/#website\",\"url\":\"https:\\\/\\\/muebleslacandona.com\\\/\",\"name\":\"Muebles Lacandona\",\"description\":\"Fabricamos muebles para restaurantes mexicanos en Estados Unidos, dise\u00f1ados para atraer clientes y elevar la experiencia de tu negocio. En Muebles Lacandona combinamos artesan\u00eda mexicana, personalizaci\u00f3n y m\u00e1s de 25 a\u00f1os de experiencia para crear espacios \u00fanicos que conectan con la cultura latina y aumentan el valor de tu restaurante.\",\"potentialAction\":[{\"@type\":\"SearchAction\",\"target\":{\"@type\":\"EntryPoint\",\"urlTemplate\":\"https:\\\/\\\/muebleslacandona.com\\\/?s={search_term_string}\"},\"query-input\":{\"@type\":\"PropertyValueSpecification\",\"valueRequired\":true,\"valueName\":\"search_term_string\"}}],\"inLanguage\":\"en-US\"}]}<\/script>\n<!-- \/ Yoast SEO plugin. -->","yoast_head_json":{"title":"T\u00e9rminos y condiciones - Muebles Lacandona","robots":{"index":"index","follow":"follow","max-snippet":"max-snippet:-1","max-image-preview":"max-image-preview:large","max-video-preview":"max-video-preview:-1"},"canonical":"https:\/\/muebleslacandona.com\/en\/terminos-y-condiciones\/","og_locale":"en_US","og_type":"article","og_title":"T\u00e9rminos y condiciones - Muebles Lacandona","og_description":"Muebles Lacandona proteger\u00e1 tus datos personales proporcionados a trav\u00e9s del sitio web muebleslacandona.com, en los sucesivo muebleslacandona.com.mx, por esta raz\u00f3n,","og_url":"https:\/\/muebleslacandona.com\/en\/terminos-y-condiciones\/","og_site_name":"Muebles Lacandona","article_modified_time":"2023-02-22T21:07:47+00:00","twitter_card":"summary_large_image","twitter_misc":{"Est. reading time":"4 minutes"},"schema":{"@context":"https:\/\/schema.org","@graph":[{"@type":"WebPage","@id":"https:\/\/muebleslacandona.com\/terminos-y-condiciones\/","url":"https:\/\/muebleslacandona.com\/terminos-y-condiciones\/","name":"T\u00e9rminos y condiciones - Muebles Lacandona","isPartOf":{"@id":"https:\/\/muebleslacandona.com\/#website"},"datePublished":"2023-02-22T21:07:45+00:00","dateModified":"2023-02-22T21:07:47+00:00","breadcrumb":{"@id":"https:\/\/muebleslacandona.com\/terminos-y-condiciones\/#breadcrumb"},"inLanguage":"en-US","potentialAction":[{"@type":"ReadAction","target":["https:\/\/muebleslacandona.com\/terminos-y-condiciones\/"]}]},{"@type":"BreadcrumbList","@id":"https:\/\/muebleslacandona.com\/terminos-y-condiciones\/#breadcrumb","itemListElement":[{"@type":"ListItem","position":1,"name":"Portada","item":"https:\/\/muebleslacandona.com\/"},{"@type":"ListItem","position":2,"name":"T\u00e9rminos y condiciones"}]},{"@type":"WebSite","@id":"https:\/\/muebleslacandona.com\/#website","url":"https:\/\/muebleslacandona.com\/","name":"Muebles Lacandona","description":"Fabricamos muebles para restaurantes mexicanos en Estados Unidos, dise\u00f1ados para atraer clientes y elevar la experiencia de tu negocio. En Muebles Lacandona combinamos artesan\u00eda mexicana, personalizaci\u00f3n y m\u00e1s de 25 a\u00f1os de experiencia para crear espacios \u00fanicos que conectan con la cultura latina y aumentan el valor de tu restaurante.","potentialAction":[{"@type":"SearchAction","target":{"@type":"EntryPoint","urlTemplate":"https:\/\/muebleslacandona.com\/?s={search_term_string}"},"query-input":{"@type":"PropertyValueSpecification","valueRequired":true,"valueName":"search_term_string"}}],"inLanguage":"en-US"}]}},"_links":{"self":[{"href":"https:\/\/muebleslacandona.com\/en\/wp-json\/wp\/v2\/pages\/12938","targetHints":{"allow":["GET"]}}],"collection":[{"href":"https:\/\/muebleslacandona.com\/en\/wp-json\/wp\/v2\/pages"}],"about":[{"href":"https:\/\/muebleslacandona.com\/en\/wp-json\/wp\/v2\/types\/page"}],"author":[{"embeddable":true,"href":"https:\/\/muebleslacandona.com\/en\/wp-json\/wp\/v2\/users\/1"}],"replies":[{"embeddable":true,"href":"https:\/\/muebleslacandona.com\/en\/wp-json\/wp\/v2\/comments?post=12938"}],"version-history":[{"count":0,"href":"https:\/\/muebleslacandona.com\/en\/wp-json\/wp\/v2\/pages\/12938\/revisions"}],"wp:attachment":[{"href":"https:\/\/muebleslacandona.com\/en\/wp-json\/wp\/v2\/media?parent=12938"}],"curies":[{"name":"wp","href":"https:\/\/api.w.org\/{rel}","templated":true}]}}